{"id":1672,"date":"2021-04-14T15:59:20","date_gmt":"2021-04-14T15:59:20","guid":{"rendered":"http:\/\/www.arizacapitallaw.com\/home\/?page_id=1672"},"modified":"2021-06-14T07:44:06","modified_gmt":"2021-06-14T07:44:06","slug":"consulta-iin_ex-10","status":"publish","type":"page","link":"http:\/\/www.arizacapitallaw.com\/home\/consulta-iin_ex-10\/","title":{"rendered":"Pack IIN_EX 10"},"content":{"rendered":"<p><\/p>\n\n\n\n<h4 class=\"has-text-align-center\">Solicite 10 consultas sobre comercio exterior, innovaci\u00f3n o internacionalizaci\u00f3n de  su empresa. Una vez adquirido este servicio p\u00f3ngase en contacto a trav\u00e9s\u00a0de\u00a0nuestro formulario. Posteriormente un especialista se encargar\u00e1 de estudiar la pregunta y resolverla en un plazo de 72 horas.<\/h4>\n\n\n\n<div class=\"wp-block-buttons is-content-justification-center\">\n<div class=\"wp-block-button is-style-outline\"><a class=\"wp-block-button__link\">Pack IIN_EX 10 499,00\u20ac<\/a><\/div>\n\n\n\n<div class=\"wp-block-button\"><a class=\"wp-block-button__link has-vivid-cyan-blue-background-color has-background\" href=\"http:\/\/www.arizacapitallaw.com\/home\/contacto\/\" target=\"_blank\" rel=\"noreferrer noopener\">Formulario de contacto<\/a><\/div>\n<\/div>\n\n\n\n<hr class=\"wp-block-separator is-style-dots\"\/>\n\n\n\n<div id=\"smart-button-container\">\n<div style=\"text-align: center;\">\n<div id=\"paypal-button-container\">&nbsp;<\/div>\n<\/div>\n<\/div>\n\n\n\n<form action=\"https:\/\/www.paypal.com\/cgi-bin\/webscr\" method=\"post\" target=\"paypal\"><\/form>\n\n\n\n<div id=\"smart-button-container\">\n      <div style=\"text-align: center;\">\n        <div id=\"paypal-button-container\"><\/div>\n      <\/div>\n    <\/div>\n  <script src=\"https:\/\/www.paypal.com\/sdk\/js?client-id=AW0slbPgUSfYpjaRYHS000JpQXyNv5QPxpyIXIIcelrrOOKC_lFaXox-o3fTK1be6UDRuxsycMO-516C&amp;currency=EUR\" data-sdk-integration-source=\"button-factory\"><\/script>\n  <script>\n    function initPayPalButton() {\n      paypal.Buttons({\n        style: {\n          shape: 'pill',\n          color: 'gold',\n          layout: 'vertical',\n          label: 'buynow',\n          \n        },\n\n        createOrder: function(data, actions) {\n          return actions.order.create({\n            purchase_units: [{\"description\":\"Consulta IIN_EX10\",\"amount\":{\"currency_code\":\"EUR\",\"value\":499}}]\n          });\n        },\n\n        onApprove: function(data, actions) {\n          return actions.order.capture().then(function(details) {\n            alert('Transaction completed by ' + details.payer.name.given_name + '!');\n          });\n        },\n\n        onError: function(err) {\n          console.log(err);\n        }\n      }).render('#paypal-button-container');\n    }\n    initPayPalButton();\n  <\/script>\n\n\n<p><\/p>\n\n\n\n<p><\/p>\n<p><\/p>","protected":false},"excerpt":{"rendered":"<p>Solicite 10 consultas sobre comercio exterior, innovaci\u00f3n o internacionalizaci\u00f3n de su empresa. Una vez adquirido este servicio p\u00f3ngase en contacto a trav\u00e9s\u00a0de\u00a0nuestro formulario. Posteriormente un especialista se encargar\u00e1 de estudiar la pregunta y resolverla en un plazo de 72 horas. &nbsp; Solicite 10 consultas sobre com\u00e9rcio exterior, inova\u00e7\u00e3o ou internacionaliza\u00e7\u00e3o de sua empresa. Recebemos sua [&hellip;]<\/p>\n","protected":false},"author":1,"featured_media":0,"parent":0,"menu_order":0,"comment_status":"closed","ping_status":"closed","template":"","meta":[],"yoast_head":"<!-- This site is optimized with the Yoast SEO plugin v16.2 - https:\/\/yoast.com\/wordpress\/plugins\/seo\/ -->\n<meta name=\"robots\" content=\"index, follow, max-snippet:-1, max-image-preview:large, max-video-preview:-1\" \/>\n<link rel=\"canonical\" href=\"http:\/\/www.arizacapitallaw.com\/home\/consulta-iin_ex-10\/\" \/>\n<meta property=\"og:locale\" content=\"es_ES\" \/>\n<meta property=\"og:type\" content=\"article\" \/>\n<meta property=\"og:title\" content=\"[:es]Pack IIN_EX 10 [:pt]Pacote IIN_EX 10[:] - ARIZA Capital &amp; Law\" \/>\n<meta property=\"og:description\" content=\"Solicite 10 consultas sobre comercio exterior, innovaci\u00f3n o internacionalizaci\u00f3n de su empresa. Una vez adquirido este servicio p\u00f3ngase en contacto a trav\u00e9s\u00a0de\u00a0nuestro formulario. Posteriormente un especialista se encargar\u00e1 de estudiar la pregunta y resolverla en un plazo de 72 horas. &nbsp; Solicite 10 consultas sobre com\u00e9rcio exterior, inova\u00e7\u00e3o ou internacionaliza\u00e7\u00e3o de sua empresa. Recebemos sua [&hellip;]\" \/>\n<meta property=\"og:url\" content=\"http:\/\/www.arizacapitallaw.com\/home\/consulta-iin_ex-10\/\" \/>\n<meta property=\"og:site_name\" content=\"ARIZA Capital &amp; Law\" \/>\n<meta property=\"article:modified_time\" content=\"2021-06-14T07:44:06+00:00\" \/>\n<meta name=\"twitter:card\" content=\"summary_large_image\" \/>\n<meta name=\"twitter:label1\" content=\"Tiempo de lectura\">\n\t<meta name=\"twitter:data1\" content=\"1 minuto\">\n<script type=\"application\/ld+json\" class=\"yoast-schema-graph\">{\"@context\":\"https:\/\/schema.org\",\"@graph\":[{\"@type\":\"WebSite\",\"@id\":\"http:\/\/www.arizacapitallaw.com\/home\/pt\/#website\",\"url\":\"http:\/\/www.arizacapitallaw.com\/home\/pt\/\",\"name\":\"ARIZA Capital &amp; Law\",\"description\":\"Despacho Boutique Jur\\u00eddico y de Inversiones Sostenibles\",\"potentialAction\":[{\"@type\":\"SearchAction\",\"target\":\"http:\/\/www.arizacapitallaw.com\/home\/pt\/?s={search_term_string}\",\"query-input\":\"required name=search_term_string\"}],\"inLanguage\":\"es\"},{\"@type\":\"WebPage\",\"@id\":\"http:\/\/www.arizacapitallaw.com\/home\/consulta-iin_ex-10\/#webpage\",\"url\":\"http:\/\/www.arizacapitallaw.com\/home\/consulta-iin_ex-10\/\",\"name\":\"[:es]Pack IIN_EX 10 [:pt]Pacote IIN_EX 10[:] - ARIZA Capital &amp; Law\",\"isPartOf\":{\"@id\":\"http:\/\/www.arizacapitallaw.com\/home\/pt\/#website\"},\"datePublished\":\"2021-04-14T15:59:20+00:00\",\"dateModified\":\"2021-06-14T07:44:06+00:00\",\"breadcrumb\":{\"@id\":\"http:\/\/www.arizacapitallaw.com\/home\/consulta-iin_ex-10\/#breadcrumb\"},\"inLanguage\":\"es\",\"potentialAction\":[{\"@type\":\"ReadAction\",\"target\":[\"http:\/\/www.arizacapitallaw.com\/home\/consulta-iin_ex-10\/\"]}]},{\"@type\":\"BreadcrumbList\",\"@id\":\"http:\/\/www.arizacapitallaw.com\/home\/consulta-iin_ex-10\/#breadcrumb\",\"itemListElement\":[{\"@type\":\"ListItem\",\"position\":1,\"item\":{\"@type\":\"WebPage\",\"@id\":\"http:\/\/www.arizacapitallaw.com\/home\/\",\"url\":\"http:\/\/www.arizacapitallaw.com\/home\/\",\"name\":\"Portada\"}},{\"@type\":\"ListItem\",\"position\":2,\"item\":{\"@id\":\"http:\/\/www.arizacapitallaw.com\/home\/consulta-iin_ex-10\/#webpage\"}}]}]}<\/script>\n<!-- \/ Yoast SEO plugin. -->","_links":{"self":[{"href":"http:\/\/www.arizacapitallaw.com\/home\/wp-json\/wp\/v2\/pages\/1672"}],"collection":[{"href":"http:\/\/www.arizacapitallaw.com\/home\/wp-json\/wp\/v2\/pages"}],"about":[{"href":"http:\/\/www.arizacapitallaw.com\/home\/wp-json\/wp\/v2\/types\/page"}],"author":[{"embeddable":true,"href":"http:\/\/www.arizacapitallaw.com\/home\/wp-json\/wp\/v2\/users\/1"}],"replies":[{"embeddable":true,"href":"http:\/\/www.arizacapitallaw.com\/home\/wp-json\/wp\/v2\/comments?post=1672"}],"version-history":[{"count":86,"href":"http:\/\/www.arizacapitallaw.com\/home\/wp-json\/wp\/v2\/pages\/1672\/revisions"}],"predecessor-version":[{"id":2944,"href":"http:\/\/www.arizacapitallaw.com\/home\/wp-json\/wp\/v2\/pages\/1672\/revisions\/2944"}],"wp:attachment":[{"href":"http:\/\/www.arizacapitallaw.com\/home\/wp-json\/wp\/v2\/media?parent=1672"}],"curies":[{"name":"wp","href":"https:\/\/api.w.org\/{rel}","templated":true}]}}