{"id":1770,"date":"2021-04-21T09:28:26","date_gmt":"2021-04-21T09:28:26","guid":{"rendered":"http:\/\/www.arizacapitallaw.com\/home\/?page_id=1770"},"modified":"2021-06-14T07:44:00","modified_gmt":"2021-06-14T07:44:00","slug":"pack-emprendedor","status":"publish","type":"page","link":"http:\/\/www.arizacapitallaw.com\/home\/pt\/pack-emprendedor\/","title":{"rendered":"Pacote Start Ups"},"content":{"rendered":"<p><\/p>\n\n\n\n<h4 class=\"has-text-align-center\" id=\"tw-target-text\">Solicite 8 consultas para apoiar o seu neg\u00f3cio: marca, an\u00e1lise financeira, plano de neg\u00f3cios, plano de marketing, parceiros de neg\u00f3cios, fundraising &#8230;<br>Resolvemos d\u00favidas online. Temos pacotes personalizados e cursos de com\u00e9rcio exterior.<br>Formamos sua equipe de consultores.<\/h4>\n\n\n\n<h4 class=\"has-text-align-center\" id=\"tw-target-text\">Recebemos sua consulta atrav\u00e9s do formul\u00e1rio na se\u00e7\u00e3o contato.<br>Posteriormente, um especialista ficar\u00e1 encarregado de estudar a quest\u00e3o e solucion\u00e1-la em at\u00e9 72 horas.<\/h4>\n\n\n\n<div class=\"wp-block-buttons is-content-justification-center\">\n<div class=\"wp-block-button\"><a class=\"wp-block-button__link has-vivid-cyan-blue-background-color has-background\" href=\"http:\/\/www.arizacapitallaw.com\/home\/pt\/contacto\/\" target=\"_blank\" rel=\"noreferrer noopener\">Formul\u00e1rio de contato<\/a><\/div>\n<\/div>\n\n\n\n<hr class=\"wp-block-separator is-style-dots\"\/>\n\n\n\n<div id=\"smart-button-container\">\n      <div style=\"text-align: center;\">\n        <div id=\"paypal-button-container\"><\/div>\n      <\/div>\n    <\/div>\n  <script src=\"https:\/\/www.paypal.com\/sdk\/js?client-id=AW0slbPgUSfYpjaRYHS000JpQXyNv5QPxpyIXIIcelrrOOKC_lFaXox-o3fTK1be6UDRuxsycMO-516C&amp;currency=BRL\" data-sdk-integration-source=\"button-factory\"><\/script>\n  <script>\n    function initPayPalButton() {\n      paypal.Buttons({\n        style: {\n          shape: 'pill',\n          color: 'gold',\n          layout: 'vertical',\n          label: 'paypal',\n          \n        },\n\n        createOrder: function(data, actions) {\n          return actions.order.create({\n            purchase_units: [{\"description\":\"Pacote Empreendedor (8 consultas)\",\"amount\":{\"currency_code\":\"BRL\",\"value\":3540}}]\n          });\n        },\n\n        onApprove: function(data, actions) {\n          return actions.order.capture().then(function(details) {\n            alert('Transaction completed by ' + details.payer.name.given_name + '!');\n          });\n        },\n\n        onError: function(err) {\n          console.log(err);\n        }\n      }).render('#paypal-button-container');\n    }\n    initPayPalButton();\n  <\/script>\n\n\n<p><\/p>\n<p><\/p>","protected":false},"excerpt":{"rendered":"<p>Solicite 8 consultas para apoyo a su emprendimiento: marca, an\u00e1lisis financieros, business plan, plan de marketing, socios comerciales, fundraising&#8230; Una vez adquirido este servicio p\u00f3ngase en contacto a trav\u00e9s\u00a0de\u00a0nuestro formulario. Posteriormente un especialista se encargar\u00e1 de estudiar la pregunta y resolverla en un plazo de 72 horas. Solicite 8 consultas para apoiar o seu neg\u00f3cio: [&hellip;]<\/p>\n","protected":false},"author":1,"featured_media":0,"parent":0,"menu_order":0,"comment_status":"closed","ping_status":"closed","template":"","meta":[],"yoast_head":"<!-- This site is optimized with the Yoast SEO plugin v16.2 - https:\/\/yoast.com\/wordpress\/plugins\/seo\/ -->\n<meta name=\"robots\" content=\"index, follow, max-snippet:-1, max-image-preview:large, max-video-preview:-1\" \/>\n<link rel=\"canonical\" href=\"http:\/\/www.arizacapitallaw.com\/home\/pack-emprendedor\/\" \/>\n<meta property=\"og:locale\" content=\"pt_BR\" \/>\n<meta property=\"og:type\" content=\"article\" \/>\n<meta property=\"og:title\" content=\"[:es]Pack Start Ups[:pt]Pacote Start Ups[:] - Ariza Capital&amp;law\" \/>\n<meta property=\"og:description\" content=\"Solicite 8 consultas para apoyo a su emprendimiento: marca, an\u00e1lisis financieros, business plan, plan de marketing, socios comerciales, fundraising&#8230; Una vez adquirido este servicio p\u00f3ngase en contacto a trav\u00e9s\u00a0de\u00a0nuestro formulario. Posteriormente un especialista se encargar\u00e1 de estudiar la pregunta y resolverla en un plazo de 72 horas. Solicite 8 consultas para apoiar o seu neg\u00f3cio: [&hellip;]\" \/>\n<meta property=\"og:url\" content=\"http:\/\/www.arizacapitallaw.com\/home\/pack-emprendedor\/\" \/>\n<meta property=\"og:site_name\" content=\"Ariza Capital&amp;law\" \/>\n<meta property=\"article:modified_time\" content=\"2021-06-14T07:44:00+00:00\" \/>\n<meta name=\"twitter:card\" content=\"summary_large_image\" \/>\n<meta name=\"twitter:label1\" content=\"Est. tempo de leitura\">\n\t<meta name=\"twitter:data1\" content=\"1 minuto\">\n<script type=\"application\/ld+json\" class=\"yoast-schema-graph\">{\"@context\":\"https:\/\/schema.org\",\"@graph\":[{\"@type\":\"WebSite\",\"@id\":\"http:\/\/www.arizacapitallaw.com\/home\/pt\/#website\",\"url\":\"http:\/\/www.arizacapitallaw.com\/home\/pt\/\",\"name\":\"Ariza Capital&amp;law\",\"description\":\"Despacho Boutique Jur\\u00eddico y de Inversiones Sostenibles\",\"potentialAction\":[{\"@type\":\"SearchAction\",\"target\":\"http:\/\/www.arizacapitallaw.com\/home\/pt\/?s={search_term_string}\",\"query-input\":\"required name=search_term_string\"}],\"inLanguage\":\"pt-BR\"},{\"@type\":\"WebPage\",\"@id\":\"http:\/\/www.arizacapitallaw.com\/home\/pack-emprendedor\/#webpage\",\"url\":\"http:\/\/www.arizacapitallaw.com\/home\/pack-emprendedor\/\",\"name\":\"[:es]Pack Start Ups[:pt]Pacote Start Ups[:] - Ariza Capital&amp;law\",\"isPartOf\":{\"@id\":\"http:\/\/www.arizacapitallaw.com\/home\/pt\/#website\"},\"datePublished\":\"2021-04-21T09:28:26+00:00\",\"dateModified\":\"2021-06-14T07:44:00+00:00\",\"breadcrumb\":{\"@id\":\"http:\/\/www.arizacapitallaw.com\/home\/pack-emprendedor\/#breadcrumb\"},\"inLanguage\":\"pt-BR\",\"potentialAction\":[{\"@type\":\"ReadAction\",\"target\":[\"http:\/\/www.arizacapitallaw.com\/home\/pack-emprendedor\/\"]}]},{\"@type\":\"BreadcrumbList\",\"@id\":\"http:\/\/www.arizacapitallaw.com\/home\/pack-emprendedor\/#breadcrumb\",\"itemListElement\":[{\"@type\":\"ListItem\",\"position\":1,\"item\":{\"@type\":\"WebPage\",\"@id\":\"http:\/\/www.arizacapitallaw.com\/home\/\",\"url\":\"http:\/\/www.arizacapitallaw.com\/home\/\",\"name\":\"Portada\"}},{\"@type\":\"ListItem\",\"position\":2,\"item\":{\"@id\":\"http:\/\/www.arizacapitallaw.com\/home\/pack-emprendedor\/#webpage\"}}]}]}<\/script>\n<!-- \/ Yoast SEO plugin. -->","_links":{"self":[{"href":"http:\/\/www.arizacapitallaw.com\/home\/pt\/wp-json\/wp\/v2\/pages\/1770"}],"collection":[{"href":"http:\/\/www.arizacapitallaw.com\/home\/pt\/wp-json\/wp\/v2\/pages"}],"about":[{"href":"http:\/\/www.arizacapitallaw.com\/home\/pt\/wp-json\/wp\/v2\/types\/page"}],"author":[{"embeddable":true,"href":"http:\/\/www.arizacapitallaw.com\/home\/pt\/wp-json\/wp\/v2\/users\/1"}],"replies":[{"embeddable":true,"href":"http:\/\/www.arizacapitallaw.com\/home\/pt\/wp-json\/wp\/v2\/comments?post=1770"}],"version-history":[{"count":93,"href":"http:\/\/www.arizacapitallaw.com\/home\/pt\/wp-json\/wp\/v2\/pages\/1770\/revisions"}],"predecessor-version":[{"id":2942,"href":"http:\/\/www.arizacapitallaw.com\/home\/pt\/wp-json\/wp\/v2\/pages\/1770\/revisions\/2942"}],"wp:attachment":[{"href":"http:\/\/www.arizacapitallaw.com\/home\/pt\/wp-json\/wp\/v2\/media?parent=1770"}],"curies":[{"name":"wp","href":"https:\/\/api.w.org\/{rel}","templated":true}]}}