{"id":1606,"date":"2019-01-19T21:32:01","date_gmt":"2019-01-19T21:32:01","guid":{"rendered":"http:\/\/www.arizacapitallaw.com\/home\/?page_id=1606"},"modified":"2019-03-14T18:59:58","modified_gmt":"2019-03-14T18:59:58","slug":"club-iwbac","status":"publish","type":"page","link":"http:\/\/www.arizacapitallaw.com\/home\/pt\/club-iwbac\/","title":{"rendered":"Club IWBAC"},"content":{"rendered":"<p class=\"qtranxs-available-languages-message qtranxs-available-languages-message-pt\">Desculpe-nos, mas este texto esta apenas dispon\u00edvel em <a href=\"http:\/\/www.arizacapitallaw.com\/home\/es\/wp-json\/wp\/v2\/pages\/1606\" class=\"qtranxs-available-language-link qtranxs-available-language-link-es\" title=\"Espa\u00f1ol\">Espanhol Europeu<\/a>. For the sake of viewer convenience, the content is shown below in the alternative language. You may click the link to switch the active language.<\/p><p>[vc_row][vc_column][vc_single_image image=&#8221;1612&#8243; img_size=&#8221;large&#8221; alignment=&#8221;center&#8221;][vc_column_text]<\/p>\n<h1>Welcome to the Iberian Women Business Angels Club: IWBAC<\/h1>\n<hr \/>\n<p>El \u00a0<strong>Club IWBAC<\/strong> con sede en Madrid y actuaci\u00f3n en Espa\u00f1a y Portugal, ha nacido dentro del proyecto europeo <strong>Cross EUWBA,<\/strong> que promueve facilitar la financiaci\u00f3n de mujeres emprendedoras y empresas dirigidas por mujeres contribuyendo as\u00ed a crear:<\/p>\n<p><strong>a)<\/strong> Una base sostenible de financiaci\u00f3n privada en Europa<\/p>\n<p><strong>b)<\/strong> Incrementar el n\u00famero de Women Business Angels que invierten<\/p>\n<p><strong>c)<\/strong> Incrementar la diversidad del perfil de Women Business Angels y el n\u00famero de sectores que se benefician de la inversi\u00f3n<\/p>\n<p><strong>d)<\/strong> Emparejar Women Business Angels y emprendedoras -start ups a trav\u00e9s de inversiones trans-fronterizas.<\/p>\n<p><strong>e)<\/strong> Facilitar el networking a nivel europeo, crear una comunidad y contribuir a promover un entorno favorable y sostenible para crear un ecosistema de inversi\u00f3n integrado.<\/p>\n<p>El <strong>Club IWBAC<\/strong> aglutina estos objetivos del programa CrossEUWBA as\u00ed como los principales valores de Inversi\u00f3n Responsable de Naciones Unidas : unpri.org.<\/p>\n<p>Nuestros miembros son emprendedoras, CEOs, venture capitalists y l\u00edderes de inversi\u00f3n que han fundado compa\u00f1\u00edas multinacionales; todos ellos de distintos sectores de actividad y juntos crearemos una amplio network de apoyo emprendedor y financiero.<\/p>\n<p>Ofrecemos mentoring and coach a las emprendedoras en las que invertiremos, participando en el Consejo de Administraci\u00f3n ofreciendo contactos y otros apoyos gracias a nuestras capacidades y experiencia de Business Angels.<\/p>\n<p>Asimismo damos mentoring y coaching sociales a programas europeos como voluntariado a la ayuda social.<\/p>\n<p>La misi\u00f3n del <strong>Club IWBAC<\/strong> consiste en promover en Espa\u00f1a y Portugal un ecosistema de \u00e1ngeles de inversi\u00f3n abriendo la oportunidad de que puedan formar parte mujeres de cualquier nacionalidad; aumentar las oportunidades para emprendedores \u00a0proporcion\u00e1ndoles financiaciones a medida y ofreciendo un apoyo estrat\u00e9gico para la salida de estas inversiones.<\/p>\n<p>La misi\u00f3n principal del <strong>Club IWBAC<\/strong> es ofrecer a sus miembros oportunidades para obtener altas rentabilidades a trav\u00e9s de sus inversiones \u00a0en &#8216;early stage companies&#8217;, start-ups y apoyarlas a que las aceleren hasta que lideren el mercado.<\/p>\n<p><em>Proximamente m\u00e1s informaci\u00f3n en<\/em> <strong><em>iwbac.com<\/em><\/strong><\/p>\n<p>[\/vc_column_text][\/vc_column][\/vc_row][vc_row][vc_column width=&#8221;1\/2&#8243;][vc_single_image image=&#8221;1615&#8243; img_size=&#8221;medium&#8221;][\/vc_column][vc_column width=&#8221;1\/2&#8243;][vc_single_image image=&#8221;1613&#8243; img_size=&#8221;medium&#8221;][\/vc_column][\/vc_row]<\/p>\n<p><\/p>","protected":false},"excerpt":{"rendered":"<p>Desculpe-nos, mas este texto esta apenas dispon\u00edvel em Espanhol Europeu. For the sake of viewer convenience, the content is shown below in the alternative language. You may click the link to switch the active language.[vc_row][vc_column][vc_single_image image=&#8221;1612&#8243; img_size=&#8221;large&#8221; alignment=&#8221;center&#8221;][vc_column_text] Welcome to the Iberian Women Business Angels Club: IWBAC El \u00a0Club IWBAC con sede en Madrid y [&hellip;]<\/p>\n","protected":false},"author":1,"featured_media":0,"parent":0,"menu_order":0,"comment_status":"closed","ping_status":"closed","template":"","meta":[],"yoast_head":"<!-- This site is optimized with the Yoast SEO plugin v16.2 - https:\/\/yoast.com\/wordpress\/plugins\/seo\/ -->\n<meta name=\"robots\" content=\"index, follow, max-snippet:-1, max-image-preview:large, max-video-preview:-1\" \/>\n<link rel=\"canonical\" href=\"http:\/\/www.arizacapitallaw.com\/home\/en\/club-iwbac\/\" \/>\n<meta property=\"og:locale\" content=\"pt_BR\" \/>\n<meta property=\"og:type\" content=\"article\" \/>\n<meta property=\"og:title\" content=\"[:es]Club IWBAC[:] - Ariza Capital&amp;law\" \/>\n<meta property=\"og:description\" content=\"Desculpe-nos, mas este texto esta apenas dispon\u00edvel em Espanhol Europeu. For the sake of viewer convenience, the content is shown below in the alternative language. You may click the link to switch the active language.[vc_row][vc_column][vc_single_image image=&#8221;1612&#8243; img_size=&#8221;large&#8221; alignment=&#8221;center&#8221;][vc_column_text] Welcome to the Iberian Women Business Angels Club: IWBAC El \u00a0Club IWBAC con sede en Madrid y [&hellip;]\" \/>\n<meta property=\"og:url\" content=\"http:\/\/www.arizacapitallaw.com\/home\/en\/club-iwbac\/\" \/>\n<meta property=\"og:site_name\" content=\"Ariza Capital&amp;law\" \/>\n<meta property=\"article:modified_time\" content=\"2019-03-14T18:59:58+00:00\" \/>\n<meta name=\"twitter:card\" content=\"summary_large_image\" \/>\n<meta name=\"twitter:label1\" content=\"Est. tempo de leitura\">\n\t<meta name=\"twitter:data1\" content=\"2 minutos\">\n<script type=\"application\/ld+json\" class=\"yoast-schema-graph\">{\"@context\":\"https:\/\/schema.org\",\"@graph\":[{\"@type\":\"WebSite\",\"@id\":\"http:\/\/www.arizacapitallaw.com\/home\/pt\/#website\",\"url\":\"http:\/\/www.arizacapitallaw.com\/home\/pt\/\",\"name\":\"Ariza Capital&amp;law\",\"description\":\"Despacho Boutique Jur\\u00eddico y de Inversiones Sostenibles\",\"potentialAction\":[{\"@type\":\"SearchAction\",\"target\":\"http:\/\/www.arizacapitallaw.com\/home\/pt\/?s={search_term_string}\",\"query-input\":\"required name=search_term_string\"}],\"inLanguage\":\"pt-BR\"},{\"@type\":\"WebPage\",\"@id\":\"http:\/\/www.arizacapitallaw.com\/home\/en\/club-iwbac\/#webpage\",\"url\":\"http:\/\/www.arizacapitallaw.com\/home\/en\/club-iwbac\/\",\"name\":\"[:es]Club IWBAC[:] - Ariza Capital&amp;law\",\"isPartOf\":{\"@id\":\"http:\/\/www.arizacapitallaw.com\/home\/pt\/#website\"},\"datePublished\":\"2019-01-19T21:32:01+00:00\",\"dateModified\":\"2019-03-14T18:59:58+00:00\",\"breadcrumb\":{\"@id\":\"http:\/\/www.arizacapitallaw.com\/home\/en\/club-iwbac\/#breadcrumb\"},\"inLanguage\":\"pt-BR\",\"potentialAction\":[{\"@type\":\"ReadAction\",\"target\":[\"http:\/\/www.arizacapitallaw.com\/home\/en\/club-iwbac\/\"]}]},{\"@type\":\"BreadcrumbList\",\"@id\":\"http:\/\/www.arizacapitallaw.com\/home\/en\/club-iwbac\/#breadcrumb\",\"itemListElement\":[{\"@type\":\"ListItem\",\"position\":1,\"item\":{\"@type\":\"WebPage\",\"@id\":\"http:\/\/www.arizacapitallaw.com\/home\/\",\"url\":\"http:\/\/www.arizacapitallaw.com\/home\/\",\"name\":\"Portada\"}},{\"@type\":\"ListItem\",\"position\":2,\"item\":{\"@id\":\"http:\/\/www.arizacapitallaw.com\/home\/en\/club-iwbac\/#webpage\"}}]}]}<\/script>\n<!-- \/ Yoast SEO plugin. -->","_links":{"self":[{"href":"http:\/\/www.arizacapitallaw.com\/home\/pt\/wp-json\/wp\/v2\/pages\/1606"}],"collection":[{"href":"http:\/\/www.arizacapitallaw.com\/home\/pt\/wp-json\/wp\/v2\/pages"}],"about":[{"href":"http:\/\/www.arizacapitallaw.com\/home\/pt\/wp-json\/wp\/v2\/types\/page"}],"author":[{"embeddable":true,"href":"http:\/\/www.arizacapitallaw.com\/home\/pt\/wp-json\/wp\/v2\/users\/1"}],"replies":[{"embeddable":true,"href":"http:\/\/www.arizacapitallaw.com\/home\/pt\/wp-json\/wp\/v2\/comments?post=1606"}],"version-history":[{"count":1,"href":"http:\/\/www.arizacapitallaw.com\/home\/pt\/wp-json\/wp\/v2\/pages\/1606\/revisions"}],"predecessor-version":[{"id":1607,"href":"http:\/\/www.arizacapitallaw.com\/home\/pt\/wp-json\/wp\/v2\/pages\/1606\/revisions\/1607"}],"wp:attachment":[{"href":"http:\/\/www.arizacapitallaw.com\/home\/pt\/wp-json\/wp\/v2\/media?parent=1606"}],"curies":[{"name":"wp","href":"https:\/\/api.w.org\/{rel}","templated":true}]}}